{"id":4678,"date":"2023-04-25T09:51:34","date_gmt":"2023-04-25T09:51:34","guid":{"rendered":"http:\/\/www.residence-management.com\/?page_id=4678"},"modified":"2024-09-11T16:53:52","modified_gmt":"2024-09-11T16:53:52","slug":"contact","status":"publish","type":"page","link":"https:\/\/www.residence-management.com\/fr\/contact\/","title":{"rendered":"CONTACT"},"content":{"rendered":"<div data-elementor-type=\"wp-page\" data-elementor-id=\"4678\" class=\"elementor elementor-4678\">\n\t\t\t\t\t\t\t\t\t<section class=\"elementor-section elementor-top-section elementor-element elementor-element-e19b5da elementor-section-boxed elementor-section-height-default elementor-section-height-default qodef-elementor-content-no\" data-id=\"e19b5da\" data-element_type=\"section\">\n\t\t\t\t\t\t<div class=\"elementor-container elementor-column-gap-default\">\n\t\t\t\t\t<div class=\"elementor-column elementor-col-100 elementor-top-column elementor-element elementor-element-f74f33d qodef-sticky-column--no\" data-id=\"f74f33d\" data-element_type=\"column\">\n\t\t\t<div class=\"elementor-widget-wrap elementor-element-populated\">\n\t\t\t\t\t\t\t\t<div class=\"elementor-element elementor-element-a7f4d8e elementor-widget__width-initial elementor-widget elementor-widget-image\" data-id=\"a7f4d8e\" data-element_type=\"widget\" data-widget_type=\"image.default\">\n\t\t\t\t<div class=\"elementor-widget-container\">\n\t\t\t<style>\/*! elementor - v3.11.1 - 15-02-2023 *\/\n.elementor-widget-image{text-align:center}.elementor-widget-image a{display:inline-block}.elementor-widget-image a img[src$=\".svg\"]{width:48px}.elementor-widget-image img{vertical-align:middle;display:inline-block}<\/style>\t\t\t\t\t\t\t\t\t\t\t\t<img loading=\"lazy\" decoding=\"async\" width=\"1683\" height=\"402\" src=\"https:\/\/www.residence-management.com\/wp-content\/uploads\/2023\/04\/logo-lorange-residence-management.png\" class=\"attachment-full size-full wp-image-4928\" alt=\"\" srcset=\"https:\/\/www.residence-management.com\/wp-content\/uploads\/2023\/04\/logo-lorange-residence-management.png 1683w, https:\/\/www.residence-management.com\/wp-content\/uploads\/2023\/04\/logo-lorange-residence-management-300x72.png 300w, https:\/\/www.residence-management.com\/wp-content\/uploads\/2023\/04\/logo-lorange-residence-management-1024x245.png 1024w, https:\/\/www.residence-management.com\/wp-content\/uploads\/2023\/04\/logo-lorange-residence-management-768x183.png 768w, https:\/\/www.residence-management.com\/wp-content\/uploads\/2023\/04\/logo-lorange-residence-management-1536x367.png 1536w, https:\/\/www.residence-management.com\/wp-content\/uploads\/2023\/04\/logo-lorange-residence-management-18x4.png 18w\" sizes=\"auto, (max-width: 1683px) 100vw, 1683px\" \/>\t\t\t\t\t\t\t\t\t\t\t\t\t\t\t<\/div>\n\t\t\t\t<\/div>\n\t\t\t\t\t<\/div>\n\t\t<\/div>\n\t\t\t\t\t\t\t<\/div>\n\t\t<\/section>\n\t\t\t\t<section class=\"elementor-section elementor-top-section elementor-element elementor-element-e6724ee qodef-elementor-content-grid elementor-section-boxed elementor-section-height-default elementor-section-height-default\" data-id=\"e6724ee\" data-element_type=\"section\">\n\t\t\t\t\t\t<div class=\"elementor-container elementor-column-gap-default\">\n\t\t\t\t\t<div class=\"elementor-column elementor-col-50 elementor-top-column elementor-element elementor-element-7ae7a61 qodef-sticky-column--no\" data-id=\"7ae7a61\" data-element_type=\"column\">\n\t\t\t<div class=\"elementor-widget-wrap elementor-element-populated\">\n\t\t\t\t\t\t\t\t<div class=\"elementor-element elementor-element-ff0d579 elementor-widget elementor-widget-image\" data-id=\"ff0d579\" data-element_type=\"widget\" data-widget_type=\"image.default\">\n\t\t\t\t<div class=\"elementor-widget-container\">\n\t\t\t\t\t\t\t\t\t\t\t\t\t\t\t<img loading=\"lazy\" decoding=\"async\" width=\"638\" height=\"419\" src=\"https:\/\/www.residence-management.com\/wp-content\/uploads\/2023\/04\/residence-management-contact.png\" class=\"attachment-large size-large wp-image-4681\" alt=\"\" srcset=\"https:\/\/www.residence-management.com\/wp-content\/uploads\/2023\/04\/residence-management-contact.png 638w, https:\/\/www.residence-management.com\/wp-content\/uploads\/2023\/04\/residence-management-contact-300x197.png 300w, https:\/\/www.residence-management.com\/wp-content\/uploads\/2023\/04\/residence-management-contact-18x12.png 18w\" sizes=\"auto, (max-width: 638px) 100vw, 638px\" \/>\t\t\t\t\t\t\t\t\t\t\t\t\t\t\t<\/div>\n\t\t\t\t<\/div>\n\t\t\t\t<div class=\"elementor-element elementor-element-caeb74e elementor-widget elementor-widget-text-editor\" data-id=\"caeb74e\" data-element_type=\"widget\" data-widget_type=\"text-editor.default\">\n\t\t\t\t<div class=\"elementor-widget-container\">\n\t\t\t<style>\/*! elementor - v3.11.1 - 15-02-2023 *\/\n.elementor-widget-text-editor.elementor-drop-cap-view-stacked .elementor-drop-cap{background-color:#818a91;color:#fff}.elementor-widget-text-editor.elementor-drop-cap-view-framed .elementor-drop-cap{color:#818a91;border:3px solid;background-color:transparent}.elementor-widget-text-editor:not(.elementor-drop-cap-view-default) .elementor-drop-cap{margin-top:8px}.elementor-widget-text-editor:not(.elementor-drop-cap-view-default) .elementor-drop-cap-letter{width:1em;height:1em}.elementor-widget-text-editor .elementor-drop-cap{float:left;text-align:center;line-height:1;font-size:50px}.elementor-widget-text-editor .elementor-drop-cap-letter{display:inline-block}<\/style>\t\t\t\t<p>1, Rue des foulques<br \/>74940 Annecy-le-Vieux<br \/>T\u00e9l : +33 6 16 77 99 33<\/p>\t\t\t\t\t\t<\/div>\n\t\t\t\t<\/div>\n\t\t\t\t\t<\/div>\n\t\t<\/div>\n\t\t\t\t<div class=\"elementor-column elementor-col-50 elementor-top-column elementor-element elementor-element-7deca6e qodef-sticky-column--no\" data-id=\"7deca6e\" data-element_type=\"column\">\n\t\t\t<div class=\"elementor-widget-wrap elementor-element-populated\">\n\t\t\t\t\t\t\t\t<div class=\"elementor-element elementor-element-47f08ad elementor-widget__width-initial elementor-widget elementor-widget-qi_addons_for_elementor_contact_form_7\" data-id=\"47f08ad\" data-element_type=\"widget\" data-widget_type=\"qi_addons_for_elementor_contact_form_7.default\">\n\t\t\t\t<div class=\"elementor-widget-container\">\n\t\t\t<div class=\"qodef-shortcode qodef-m  qodef-qi-contact-form-7\">\n\t\n<div class=\"wpcf7 no-js\" id=\"wpcf7-f4048-o1\" lang=\"fr-FR\" dir=\"ltr\">\n<div class=\"screen-reader-response\"><p role=\"status\" aria-live=\"polite\" aria-atomic=\"true\"><\/p> <ul><\/ul><\/div>\n<form action=\"\/fr\/wp-json\/wp\/v2\/pages\/4678#wpcf7-f4048-o1\" method=\"post\" class=\"wpcf7-form init\" aria-label=\"Formulaire de contact\" novalidate=\"novalidate\" data-status=\"init\" data-trp-original-action=\"\/fr\/wp-json\/wp\/v2\/pages\/4678#wpcf7-f4048-o1\">\n<div style=\"display: none;\">\n<input type=\"hidden\" name=\"_wpcf7\" value=\"4048\" \/>\n<input type=\"hidden\" name=\"_wpcf7_version\" value=\"5.8\" \/>\n<input type=\"hidden\" name=\"_wpcf7_locale\" value=\"fr_FR\" \/>\n<input type=\"hidden\" name=\"_wpcf7_unit_tag\" value=\"wpcf7-f4048-o1\" \/>\n<input type=\"hidden\" name=\"_wpcf7_container_post\" value=\"0\" \/>\n<input type=\"hidden\" name=\"_wpcf7_posted_data_hash\" value=\"\" \/>\n<\/div>\n<label> VOTRE NOM\n    <span class=\"wpcf7-form-control-wrap\" data-name=\"your-name\"><input size=\"40\" class=\"wpcf7-form-control wpcf7-text wpcf7-validates-as-required\" autocomplete=\"name\" aria-required=\"true\" aria-invalid=\"false\" value=\"\" type=\"text\" name=\"your-name\" \/><\/span> <\/label>\n\n<label> E-MAIL\n    <span class=\"wpcf7-form-control-wrap\" data-name=\"your-email\"><input size=\"40\" class=\"wpcf7-form-control wpcf7-email wpcf7-validates-as-required wpcf7-text wpcf7-validates-as-email\" autocomplete=\"email\" aria-required=\"true\" aria-invalid=\"false\" value=\"\" type=\"email\" name=\"your-email\" \/><\/span> <\/label>\n\n<label> VOTRE MESSAGE\n    <span class=\"wpcf7-form-control-wrap\" data-name=\"your-message\"><textarea cols=\"40\" rows=\"10\" class=\"wpcf7-form-control wpcf7-textarea\" aria-invalid=\"false\" name=\"your-message\"><\/textarea><\/span> <\/label>\n\n<div id=\"cf7sr-69e188d645438\" class=\"cf7sr-g-recaptcha\" data-theme=\"light\" data-type=\"image\" data-size=\"normal\" data-sitekey=\"6Lelb8EqAAAAACs8CSxGu-6wMXUOa9mN8mrxlKfF\"><\/div><span class=\"wpcf7-form-control-wrap cf7sr-recaptcha\" data-name=\"cf7sr-recaptcha\"><input type=\"hidden\" name=\"cf7sr-recaptcha\" value=\"\" class=\"wpcf7-form-control\"><\/span>\n\n<input class=\"wpcf7-form-control wpcf7-submit has-spinner\" type=\"submit\" value=\"ENVOYER\" \/><div class=\"wpcf7-response-output\" aria-hidden=\"true\"><\/div>\n<input type=\"hidden\" name=\"trp-form-language\" value=\"fr\"\/><\/form>\n<\/div>\n<\/div>\n\t\t<\/div>\n\t\t\t\t<\/div>\n\t\t\t\t\t<\/div>\n\t\t<\/div>\n\t\t\t\t\t\t\t<\/div>\n\t\t<\/section>\n\t\t\t\t<section class=\"elementor-section elementor-top-section elementor-element elementor-element-b762e44 elementor-section-boxed elementor-section-height-default elementor-section-height-default qodef-elementor-content-no\" data-id=\"b762e44\" data-element_type=\"section\">\n\t\t\t\t\t\t<div class=\"elementor-container elementor-column-gap-default\">\n\t\t\t\t\t<div class=\"elementor-column elementor-col-100 elementor-top-column elementor-element elementor-element-85dcee6 qodef-sticky-column--no\" data-id=\"85dcee6\" data-element_type=\"column\">\n\t\t\t<div class=\"elementor-widget-wrap elementor-element-populated\">\n\t\t\t\t\t\t\t\t<div class=\"elementor-element elementor-element-56fff58 elementor-widget-divider--view-line elementor-widget elementor-widget-divider\" data-id=\"56fff58\" data-element_type=\"widget\" data-widget_type=\"divider.default\">\n\t\t\t\t<div class=\"elementor-widget-container\">\n\t\t\t<style>\/*! elementor - v3.11.1 - 15-02-2023 *\/\n.elementor-widget-divider{--divider-border-style:none;--divider-border-width:1px;--divider-color:#2c2c2c;--divider-icon-size:20px;--divider-element-spacing:10px;--divider-pattern-height:24px;--divider-pattern-size:20px;--divider-pattern-url:none;--divider-pattern-repeat:repeat-x}.elementor-widget-divider .elementor-divider{display:flex}.elementor-widget-divider .elementor-divider__text{font-size:15px;line-height:1;max-width:95%}.elementor-widget-divider .elementor-divider__element{margin:0 var(--divider-element-spacing);flex-shrink:0}.elementor-widget-divider .elementor-icon{font-size:var(--divider-icon-size)}.elementor-widget-divider .elementor-divider-separator{display:flex;margin:0;direction:ltr}.elementor-widget-divider--view-line_icon .elementor-divider-separator,.elementor-widget-divider--view-line_text .elementor-divider-separator{align-items:center}.elementor-widget-divider--view-line_icon .elementor-divider-separator:after,.elementor-widget-divider--view-line_icon .elementor-divider-separator:before,.elementor-widget-divider--view-line_text .elementor-divider-separator:after,.elementor-widget-divider--view-line_text .elementor-divider-separator:before{display:block;content:\"\";border-bottom:0;flex-grow:1;border-top:var(--divider-border-width) var(--divider-border-style) var(--divider-color)}.elementor-widget-divider--element-align-left .elementor-divider .elementor-divider-separator>.elementor-divider__svg:first-of-type{flex-grow:0;flex-shrink:100}.elementor-widget-divider--element-align-left .elementor-divider-separator:before{content:none}.elementor-widget-divider--element-align-left .elementor-divider__element{margin-left:0}.elementor-widget-divider--element-align-right .elementor-divider .elementor-divider-separator>.elementor-divider__svg:last-of-type{flex-grow:0;flex-shrink:100}.elementor-widget-divider--element-align-right .elementor-divider-separator:after{content:none}.elementor-widget-divider--element-align-right .elementor-divider__element{margin-right:0}.elementor-widget-divider:not(.elementor-widget-divider--view-line_text):not(.elementor-widget-divider--view-line_icon) .elementor-divider-separator{border-top:var(--divider-border-width) var(--divider-border-style) var(--divider-color)}.elementor-widget-divider--separator-type-pattern{--divider-border-style:none}.elementor-widget-divider--separator-type-pattern.elementor-widget-divider--view-line .elementor-divider-separator,.elementor-widget-divider--separator-type-pattern:not(.elementor-widget-divider--view-line) .elementor-divider-separator:after,.elementor-widget-divider--separator-type-pattern:not(.elementor-widget-divider--view-line) .elementor-divider-separator:before,.elementor-widget-divider--separator-type-pattern:not([class*=elementor-widget-divider--view]) .elementor-divider-separator{width:100%;min-height:var(--divider-pattern-height);-webkit-mask-size:var(--divider-pattern-size) 100%;mask-size:var(--divider-pattern-size) 100%;-webkit-mask-repeat:var(--divider-pattern-repeat);mask-repeat:var(--divider-pattern-repeat);background-color:var(--divider-color);-webkit-mask-image:var(--divider-pattern-url);mask-image:var(--divider-pattern-url)}.elementor-widget-divider--no-spacing{--divider-pattern-size:auto}.elementor-widget-divider--bg-round{--divider-pattern-repeat:round}.rtl .elementor-widget-divider .elementor-divider__text{direction:rtl}.e-con-inner>.elementor-widget-divider,.e-con>.elementor-widget-divider{width:var(--container-widget-width,100%);--flex-grow:var(--container-widget-flex-grow)}<\/style>\t\t<div class=\"elementor-divider\">\n\t\t\t<span class=\"elementor-divider-separator\">\n\t\t\t\t\t\t<\/span>\n\t\t<\/div>\n\t\t\t\t<\/div>\n\t\t\t\t<\/div>\n\t\t\t\t<div class=\"elementor-element elementor-element-6aade8a elementor-widget elementor-widget-text-editor\" data-id=\"6aade8a\" data-element_type=\"widget\" data-widget_type=\"text-editor.default\">\n\t\t\t\t<div class=\"elementor-widget-container\">\n\t\t\t\t\t\t\t<p>\u00a9 2023 RESIDENCE MANAGEMENT &#8211; MADE BY\u00a0<a href=\"https:\/\/lenec-studio.com\/\" target=\"_blank\" rel=\"noreferrer noopener\">LE NEC STUDIO<\/a> &#8211; <a href=\"https:\/\/www.residence-management.com\/fr\/privacy-policy\/\" data-type=\"URL\" data-id=\"https:\/\/www.beta.lenec-studio.com\/privacy-policy\/\">PRIVACY POLICY<\/a><\/p>\t\t\t\t\t\t<\/div>\n\t\t\t\t<\/div>\n\t\t\t\t\t<\/div>\n\t\t<\/div>\n\t\t\t\t\t\t\t<\/div>\n\t\t<\/section>\n\t\t\t\t\t\t\t<\/div>","protected":false},"excerpt":{"rendered":"<p>1, Rue des foulques74940 Annecy-le-VieuxT\u00e9l : +33 6 16 77 99 33 YOUR NAME E-MAIL YOUR MESSAGE \u00a9 2023 RESIDENCE MANAGEMENT &#8211; MADE BY\u00a0LE NEC STUDIO &#8211; PRIVACY POLICY<\/p>","protected":false},"author":2,"featured_media":4319,"parent":0,"menu_order":0,"comment_status":"closed","ping_status":"closed","template":"qi-full-width.php","meta":{"footnotes":""},"class_list":["post-4678","page","type-page","status-publish","has-post-thumbnail","hentry"],"yoast_head":"<!-- This site is optimized with the Yoast SEO plugin v23.4 - https:\/\/yoast.com\/wordpress\/plugins\/seo\/ -->\n<title>CONTACT - RESIDENCE MANAGEMENT<\/title>\n<meta name=\"description\" content=\"Contactez notre \u00e9quipe de gestion de propri\u00e9t\u00e9s et conciergerie \u00e0 Annecy. Nous sommes \u00e0 votre disposition pour toute demande ou projet concernant votre r\u00e9sidence.\" \/>\n<meta name=\"robots\" content=\"index, follow, max-snippet:-1, max-image-preview:large, max-video-preview:-1\" \/>\n<link rel=\"canonical\" href=\"https:\/\/www.residence-management.com\/fr\/contact\/\" \/>\n<meta property=\"og:locale\" content=\"fr_FR\" \/>\n<meta property=\"og:type\" content=\"article\" \/>\n<meta property=\"og:title\" content=\"CONTACT - RESIDENCE MANAGEMENT\" \/>\n<meta property=\"og:description\" content=\"Contactez notre \u00e9quipe de gestion de propri\u00e9t\u00e9s et conciergerie \u00e0 Annecy. Nous sommes \u00e0 votre disposition pour toute demande ou projet concernant votre r\u00e9sidence.\" \/>\n<meta property=\"og:url\" content=\"https:\/\/www.residence-management.com\/fr\/contact\/\" \/>\n<meta property=\"og:site_name\" content=\"RESIDENCE MANAGEMENT\" \/>\n<meta property=\"article:modified_time\" content=\"2024-09-11T16:53:52+00:00\" \/>\n<meta property=\"og:image\" content=\"https:\/\/www.residence-management.com\/wp-content\/uploads\/2023\/04\/Residence-management-home-3.png\" \/>\n\t<meta property=\"og:image:width\" content=\"1148\" \/>\n\t<meta property=\"og:image:height\" content=\"1148\" \/>\n\t<meta property=\"og:image:type\" content=\"image\/png\" \/>\n<meta name=\"twitter:card\" content=\"summary_large_image\" \/>\n<meta name=\"twitter:label1\" content=\"Dur\u00e9e de lecture estim\u00e9e\" \/>\n\t<meta name=\"twitter:data1\" content=\"1 minute\" \/>\n<script type=\"application\/ld+json\" class=\"yoast-schema-graph\">{\"@context\":\"https:\/\/schema.org\",\"@graph\":[{\"@type\":\"WebPage\",\"@id\":\"https:\/\/www.residence-management.com\/contact\/\",\"url\":\"https:\/\/www.residence-management.com\/contact\/\",\"name\":\"CONTACT - RESIDENCE MANAGEMENT\",\"isPartOf\":{\"@id\":\"https:\/\/www.residence-management.com\/#website\"},\"primaryImageOfPage\":{\"@id\":\"https:\/\/www.residence-management.com\/contact\/#primaryimage\"},\"image\":{\"@id\":\"https:\/\/www.residence-management.com\/contact\/#primaryimage\"},\"thumbnailUrl\":\"https:\/\/www.residence-management.com\/wp-content\/uploads\/2023\/04\/Residence-management-home-3.png\",\"datePublished\":\"2023-04-25T09:51:34+00:00\",\"dateModified\":\"2024-09-11T16:53:52+00:00\",\"description\":\"Contactez notre \u00e9quipe de gestion de propri\u00e9t\u00e9s et conciergerie \u00e0 Annecy. Nous sommes \u00e0 votre disposition pour toute demande ou projet concernant votre r\u00e9sidence.\",\"breadcrumb\":{\"@id\":\"https:\/\/www.residence-management.com\/contact\/#breadcrumb\"},\"inLanguage\":\"fr-FR\",\"potentialAction\":[{\"@type\":\"ReadAction\",\"target\":[\"https:\/\/www.residence-management.com\/contact\/\"]}]},{\"@type\":\"ImageObject\",\"inLanguage\":\"fr-FR\",\"@id\":\"https:\/\/www.residence-management.com\/contact\/#primaryimage\",\"url\":\"https:\/\/www.residence-management.com\/wp-content\/uploads\/2023\/04\/Residence-management-home-3.png\",\"contentUrl\":\"https:\/\/www.residence-management.com\/wp-content\/uploads\/2023\/04\/Residence-management-home-3.png\",\"width\":1148,\"height\":1148},{\"@type\":\"BreadcrumbList\",\"@id\":\"https:\/\/www.residence-management.com\/contact\/#breadcrumb\",\"itemListElement\":[{\"@type\":\"ListItem\",\"position\":1,\"name\":\"Accueil\",\"item\":\"https:\/\/www.residence-management.com\/\"},{\"@type\":\"ListItem\",\"position\":2,\"name\":\"CONTACT\"}]},{\"@type\":\"WebSite\",\"@id\":\"https:\/\/www.residence-management.com\/#website\",\"url\":\"https:\/\/www.residence-management.com\/\",\"name\":\"RESIDENCE MANAGEMENT\",\"description\":\"Property Management\",\"potentialAction\":[{\"@type\":\"SearchAction\",\"target\":{\"@type\":\"EntryPoint\",\"urlTemplate\":\"https:\/\/www.residence-management.com\/?s={search_term_string}\"},\"query-input\":{\"@type\":\"PropertyValueSpecification\",\"valueRequired\":true,\"valueName\":\"search_term_string\"}}],\"inLanguage\":\"fr-FR\"}]}<\/script>\n<!-- \/ Yoast SEO plugin. -->","yoast_head_json":{"title":"CONTACT - RESIDENCE MANAGEMENT","description":"Contactez notre \u00e9quipe de gestion de propri\u00e9t\u00e9s et conciergerie \u00e0 Annecy. Nous sommes \u00e0 votre disposition pour toute demande ou projet concernant votre r\u00e9sidence.","robots":{"index":"index","follow":"follow","max-snippet":"max-snippet:-1","max-image-preview":"max-image-preview:large","max-video-preview":"max-video-preview:-1"},"canonical":"https:\/\/www.residence-management.com\/fr\/contact\/","og_locale":"fr_FR","og_type":"article","og_title":"CONTACT - RESIDENCE MANAGEMENT","og_description":"Contactez notre \u00e9quipe de gestion de propri\u00e9t\u00e9s et conciergerie \u00e0 Annecy. Nous sommes \u00e0 votre disposition pour toute demande ou projet concernant votre r\u00e9sidence.","og_url":"https:\/\/www.residence-management.com\/fr\/contact\/","og_site_name":"RESIDENCE MANAGEMENT","article_modified_time":"2024-09-11T16:53:52+00:00","og_image":[{"width":1148,"height":1148,"url":"https:\/\/www.residence-management.com\/wp-content\/uploads\/2023\/04\/Residence-management-home-3.png","type":"image\/png"}],"twitter_card":"summary_large_image","twitter_misc":{"Dur\u00e9e de lecture estim\u00e9e":"1 minute"},"schema":{"@context":"https:\/\/schema.org","@graph":[{"@type":"WebPage","@id":"https:\/\/www.residence-management.com\/contact\/","url":"https:\/\/www.residence-management.com\/contact\/","name":"CONTACT - RESIDENCE MANAGEMENT","isPartOf":{"@id":"https:\/\/www.residence-management.com\/#website"},"primaryImageOfPage":{"@id":"https:\/\/www.residence-management.com\/contact\/#primaryimage"},"image":{"@id":"https:\/\/www.residence-management.com\/contact\/#primaryimage"},"thumbnailUrl":"https:\/\/www.residence-management.com\/wp-content\/uploads\/2023\/04\/Residence-management-home-3.png","datePublished":"2023-04-25T09:51:34+00:00","dateModified":"2024-09-11T16:53:52+00:00","description":"Contactez notre \u00e9quipe de gestion de propri\u00e9t\u00e9s et conciergerie \u00e0 Annecy. Nous sommes \u00e0 votre disposition pour toute demande ou projet concernant votre r\u00e9sidence.","breadcrumb":{"@id":"https:\/\/www.residence-management.com\/contact\/#breadcrumb"},"inLanguage":"fr-FR","potentialAction":[{"@type":"ReadAction","target":["https:\/\/www.residence-management.com\/contact\/"]}]},{"@type":"ImageObject","inLanguage":"fr-FR","@id":"https:\/\/www.residence-management.com\/contact\/#primaryimage","url":"https:\/\/www.residence-management.com\/wp-content\/uploads\/2023\/04\/Residence-management-home-3.png","contentUrl":"https:\/\/www.residence-management.com\/wp-content\/uploads\/2023\/04\/Residence-management-home-3.png","width":1148,"height":1148},{"@type":"BreadcrumbList","@id":"https:\/\/www.residence-management.com\/contact\/#breadcrumb","itemListElement":[{"@type":"ListItem","position":1,"name":"Accueil","item":"https:\/\/www.residence-management.com\/"},{"@type":"ListItem","position":2,"name":"CONTACT"}]},{"@type":"WebSite","@id":"https:\/\/www.residence-management.com\/#website","url":"https:\/\/www.residence-management.com\/","name":"RESIDENCE MANAGEMENT","description":"Property Management","potentialAction":[{"@type":"SearchAction","target":{"@type":"EntryPoint","urlTemplate":"https:\/\/www.residence-management.com\/?s={search_term_string}"},"query-input":{"@type":"PropertyValueSpecification","valueRequired":true,"valueName":"search_term_string"}}],"inLanguage":"fr-FR"}]}},"_links":{"self":[{"href":"https:\/\/www.residence-management.com\/fr\/wp-json\/wp\/v2\/pages\/4678","targetHints":{"allow":["GET"]}}],"collection":[{"href":"https:\/\/www.residence-management.com\/fr\/wp-json\/wp\/v2\/pages"}],"about":[{"href":"https:\/\/www.residence-management.com\/fr\/wp-json\/wp\/v2\/types\/page"}],"author":[{"embeddable":true,"href":"https:\/\/www.residence-management.com\/fr\/wp-json\/wp\/v2\/users\/2"}],"replies":[{"embeddable":true,"href":"https:\/\/www.residence-management.com\/fr\/wp-json\/wp\/v2\/comments?post=4678"}],"version-history":[{"count":46,"href":"https:\/\/www.residence-management.com\/fr\/wp-json\/wp\/v2\/pages\/4678\/revisions"}],"predecessor-version":[{"id":5630,"href":"https:\/\/www.residence-management.com\/fr\/wp-json\/wp\/v2\/pages\/4678\/revisions\/5630"}],"wp:featuredmedia":[{"embeddable":true,"href":"https:\/\/www.residence-management.com\/fr\/wp-json\/wp\/v2\/media\/4319"}],"wp:attachment":[{"href":"https:\/\/www.residence-management.com\/fr\/wp-json\/wp\/v2\/media?parent=4678"}],"curies":[{"name":"wp","href":"https:\/\/api.w.org\/{rel}","templated":true}]}}